{"id":4982,"date":"2023-04-24T09:37:04","date_gmt":"2023-04-24T06:37:04","guid":{"rendered":"https:\/\/finok-wp.k-3soft.com\/?page_id=4982"},"modified":"2023-05-15T12:31:41","modified_gmt":"2023-05-15T09:31:41","slug":"polityka-prywatnosci","status":"publish","type":"page","link":"https:\/\/finok-wp.k-3soft.com\/pl\/polityka-prywatnosci\/","title":{"rendered":"Polityka prywatno\u015bci"},"content":{"rendered":"\r\n<h2 class=\"wp-block-heading\"><strong>1. Og\u00f3lne postanowienia<\/strong><\/h2>\r\n<p>Przedsi\u0119biorca indywidualny SHAPATAIEV IHOR KOSTIANTYNOVYCH z pe\u0142nym szacunkiem podchodzi do poufnej (osobistej) informacji wszystkich os\u00f3b, kt\u00f3re odwiedzi\u0142y stron\u0119 internetow\u0105, a tak\u017ce tych, kt\u00f3rzy korzystaj\u0105 z us\u0142ug udost\u0119pnianych na stronie; w zwi\u0105zku z tym Przedsi\u0119biorca indywidualny Igor Kostiantynowicz Szapatajew stara si\u0119 chroni\u0107 poufno\u015b\u0107 danych osobowych (informacji lub zestawu informacji o osobie fizycznej, kt\u00f3ra jest zidentyfikowana lub mo\u017ce zosta\u0107 bezpo\u015brednio lub po\u015brednio zidentyfikowana), tworz\u0105c tym samym i zapewniaj\u0105c maksymalnie komfortowe warunki korzystania ze strony internetowej ka\u017cdemu u\u017cytkownikowi.<\/p>\r\n<h2><strong>2. Prawna podstawa przetwarzania Twoich informacji<\/strong><\/h2>\r\n<p>Je\u015bli nie jest to okre\u015blone inaczej w sekcjach poni\u017cej, podstaw\u0105 prawn\u0105 przetwarzania Twoich danych osobowych jest art. 6 ust. 1 lit. b RODO (General Data Protection Regulation) oraz Ukrai\u0144ski Ustawy z dnia 1 czerwca 2010 r. nr 2297-VI &#8222;O ochronie danych osobowych&#8221; (dalej &#8222;Ustawa&#8221;). W ramach polityki prywatno\u015bci, poj\u0119cie &#8222;informacji osobistej&#8221; obejmuje informacje lub cz\u0119\u015b\u0107 informacji, kt\u00f3ra pozwala na Twoj\u0105 identyfikacj\u0119. Zazwyczaj obejmuje to imi\u0119 i nazwisko, pseudonim (nick), adres e-mail i numer telefonu, a tak\u017ce takie informacje jak adres IP. Takie informacje mo\u017cemy otrzyma\u0107 bezpo\u015brednio od Ciebie, na przyk\u0142ad podczas rejestracji na stronie internetowej, podania danych kontaktowych, informacji uzyskanej z karty bankowej lub p\u0142atno\u015bci, a tak\u017ce innych prywatnych informacji, kt\u00f3re dobrowolnie nam przekaza\u0142e\u015b.<\/p>\r\n<h2><strong>3. Jakie dane osobowe mog\u0105 by\u0107 zbierane przez firm\u0119?<\/strong><\/h2>\r\n<p>Przedsi\u0119biorca indywidualny SHAPATAIEV IHOR KOSTIANTYNOVYCH mo\u017ce otrzymywa\u0107 dane osobowe u\u017cytkownik\u00f3w od systemu p\u0142atniczego lub banku, gdy odpowiedni u\u017cytkownik dokonuje p\u0142atno\u015bci za us\u0142ugi za po\u015brednictwem systemu p\u0142atniczego lub banku. W takim przypadku &#8222;Przedsi\u0119biorca indywidualny Igor Kostiantynowicz Szapatajew&#8221; mo\u017ce uzyska\u0107 dost\u0119p do nazwiska, imienia, nazwy firmy oraz danych podmiotu u\u017cytkownika.<\/p>\r\n<p>&#8222;Przedsi\u0119biorca indywidualny SHAPATAIEV IHOR KOSTIANTYNOVYCH&#8221; mo\u017ce uzyska\u0107 nast\u0119puj\u0105ce dane osobowe u\u017cytkownik\u00f3w:<\/p>\r\n<ul>\r\n<li>adres e-mail, has\u0142o i numer telefonu podczas tworzenia konta u\u017cytkownika;<\/li>\r\n<li>zadania i operacje finansowe, kt\u00f3re tworzysz i zarz\u0105dzasz na stronie internetowej;<\/li>\r\n<li>kontrahenci: klienci, inwestorzy, d\u0142u\u017cnicy, wierzyciele, dostawcy, podwykonawcy itp.;<\/li>\r\n<li>dane pracownik\u00f3w, w tym nazwiska i imiona, informacje o wynagrodzeniu itp.;<\/li>\r\n<li>projekty i tagi zawieraj\u0105ce na przyk\u0142ad link do umowy lub odpowiedzialnego kierownika;<\/li>\r\n<li>zaimportowane dane finansowe z innych us\u0142ug;<\/li>\r\n<li>dane uzyskane przez synchronizacj\u0119 z kontami bankowymi lub kartami bankowymi.<\/li>\r\n<\/ul>\r\n<h2><strong>4. Wykorzystanie i cel zbierania danych osobowych<\/strong><\/h2>\r\n<div class=\"group w-full text-gray-800 dark:text-gray-100 border-b border-black\/10 dark:border-gray-900\/50 bg-gray-50 dark:bg-[#444654]\">\r\n<div class=\"text-base gap-4 md:gap-6 md:max-w-2xl lg:max-w-2xl xl:max-w-3xl p-4 md:py-6 flex lg:px-0 m-auto\">\r\n<div class=\"relative flex w-[calc(100%-50px)] flex-col gap-1 md:gap-3 lg:w-[calc(100%-115px)]\">\r\n<div class=\"flex flex-grow flex-col gap-3\">\r\n<div class=\"min-h-[20px] flex flex-col items-start gap-4 whitespace-pre-wrap\">\r\n<div class=\"markdown prose w-full break-words dark:prose-invert light\">\r\n<p>W trakcie \u015bwiadczenia us\u0142ug za po\u015brednictwem Serwisu, FOP SHAPATAIEV IHOR KOSTIANTYNOVYCH mo\u017ce otrzymywa\u0107 tw\u00f3j identyfikator u\u017cytkownika (user ID), kt\u00f3ry z natury rzeczy, bez dodatkowych informacji o u\u017cytkowniku, nie pozwala na jego identyfikacj\u0119, dlatego nie s\u0105 to dane osobowe u\u017cytkownika.<\/p>\r\n<p>Osobiste informacje odwiedzaj\u0105cych stron\u0119 internetow\u0105, zebrane podczas rejestracji, s\u0105 g\u0142\u00f3wnie wykorzystywane do:<\/p>\r\n<ul>\r\n<li>\u015bwiadczenia us\u0142ug zgodnie z Twoimi potrzebami, przede wszystkim do \u015bwiadczenia us\u0142ug lub w relacjach kontraktowych oraz do odpowiadania na Twoje zapytania.<\/li>\r\n<li>wykorzystywania Twoich danych kontaktowych w przesy\u0142anych korespondencjach, w tym informowanie Ci\u0119 o nowych mo\u017cliwo\u015bciach, promocjach i innych nowo\u015bciach.<\/li>\r\n<li>przeprowadzania bada\u0144 marketingowych i kampanii reklamowych;<\/li>\r\n<li>przeprowadzanie bada\u0144 statystycznych i innych bada\u0144 na podstawie danych zanonimizowanych;<\/li>\r\n<li>zapewnienia realizacji transakcji w kontek\u015bcie op\u0142acania us\u0142ug;<\/li>\r\n<\/ul>\r\n<p>Dzia\u0142amy zgodnie z niniejsz\u0105 Polityk\u0105 prywatno\u015bci, na podstawie przepis\u00f3w dotycz\u0105cych przetwarzania i ochrony danych osobowych oraz obowi\u0105zuj\u0105cych przepis\u00f3w prawa Ukrainy.<\/p>\r\n<p>FOP SHAPATAIEV IHOR KOSTIANTYNOVYCH mo\u017ce zbiera\u0107 dane na temat liczby u\u017cytkownik\u00f3w i aktywno\u015bci u\u017cytkownik\u00f3w Serwisu (dane nieosobiste). Takie dane s\u0105 zbierane bez mo\u017cliwo\u015bci identyfikacji u\u017cytkownik\u00f3w w celu poprawy funkcjonalno\u015bci Serwisu oraz zwi\u0119kszenia skuteczno\u015bci \u015bwiadczonych przez firm\u0119 us\u0142ug.<\/p>\r\n<p>Mamy prawo przechowywa\u0107 dane osobowe przez tyle czasu, ile jest to konieczne do osi\u0105gni\u0119cia celu okre\u015blonego w niniejszej Polityce lub przez okres wymagany przez obowi\u0105zuj\u0105ce przepisy prawa Ukrainy lub do momentu usuni\u0119cia przez Ciebie tych danych.<\/p>\r\n<\/div>\r\n<\/div>\r\n<\/div>\r\n<div class=\"flex justify-between\">\r\n<div class=\"text-gray-400 flex self-end lg:self-center justify-center mt-2 gap-3 md:gap-4 lg:gap-1 lg:absolute lg:top-0 lg:translate-x-full lg:right-0 lg:mt-0 lg:pl-2 visible\">\u00a0<\/div>\r\n<\/div>\r\n<\/div>\r\n<\/div>\r\n<\/div>\r\n<h2><strong>5. Dostarczenie dost\u0119pu do informacji<\/strong><\/h2>\r\n<p>Nie sprzedajemy, nie ujawniamy ani nie przekazujemy osobistych informacji u\u017cytkownik\u00f3w osobom trzecim, chyba \u017ce wcze\u015bniej poinformujemy o tym u\u017cytkownik\u00f3w. Nie obejmuje to partner\u00f3w i innych uczestnik\u00f3w, kt\u00f3rzy pomagaj\u0105 nam zarz\u0105dza\u0107 nasz\u0105 us\u0142ug\u0105, prowadzi\u0107 nasz\u0105 dzia\u0142alno\u015b\u0107 lub obs\u0142ugiwa\u0107 naszych u\u017cytkownik\u00f3w, je\u015bli te strony zgodz\u0105 si\u0119 zachowa\u0107 poufno\u015b\u0107 tych informacji.<\/p>\r\n<p>Dostarczenie dost\u0119pu do osobistych informacji innym firmom i prywatnym osobom jest mo\u017cliwe tylko w nast\u0119puj\u0105cych okoliczno\u015bciach:<\/p>\r\n<ul>\r\n<li>Je\u015bli u\u017cytkownik wyrazi na to zgod\u0119. Do przekazania jakiejkolwiek poufnej informacji wymagana jest wyra\u017ana zgoda u\u017cytkownika.<\/li>\r\n<li>W przypadkach okre\u015blonych obowi\u0105zuj\u0105cym prawem Ukrainy, a tak\u017ce w przypadkach zapobiegania przest\u0119pstwu lub wyrz\u0105dzenia szkody nam lub innym osobom.<\/li>\r\n<\/ul>\r\n<h2><strong>6. Ochrona danych osobowych<\/strong><\/h2>\r\n<p>woje dane osobowe s\u0105 przechowywane w zabezpieczonych sieciach i s\u0105 dost\u0119pne tylko dla ograniczonej liczby os\u00f3b posiadaj\u0105cych specjalne uprawnienia dost\u0119pu do takiego serwisu, kt\u00f3re s\u0105 zobowi\u0105zane do zachowania poufno\u015bci informacji.<\/p>\r\n<p>Wprowadzamy wszelkie niezb\u0119dne \u015brodki ostro\u017cno\u015bci w celu ochrony danych przed nieupowa\u017cnionym dost\u0119pem, zmian\u0105, ujawnieniem lub zniszczeniem. \u015arodki te obejmuj\u0105 wewn\u0119trzne przegl\u0105dy proces\u00f3w zbierania, przechowywania i przetwarzania danych oraz \u015brodki bezpiecze\u0144stwa, w tym odpowiednie szyfrowanie i \u015brodki zapewnienia fizycznego zabezpieczenia danych, aby zapobiec nieautoryzowanemu dost\u0119powi do system\u00f3w, w kt\u00f3rych przechowujemy dane osobowe.<\/p>\r\n<p>Jednak korzystaj\u0105c z tej Polityki Prywatno\u015bci, U\u017cytkownik zgadza si\u0119, \u017ce sie\u0107 Internet nie jest ca\u0142kowicie bezpiecznym \u015brodkiem przesy\u0142u informacji oraz \u017ce podczas korzystania z Serwisu mog\u0105 wyst\u0105pi\u0107 dodatkowe odwo\u0142ania do stron trzecich lub wymaga\u0107 korzystania z program\u00f3w komputerowych innych firm, a zatem w przypadku przypadkowego wycieku, utraty, przechwycenia, zmiany lub jakiegokolwiek innego dzia\u0142ania w odniesieniu do Twoich danych osobowych zwi\u0105zanych z niedoskona\u0142o\u015bci\u0105 system\u00f3w bezpiecze\u0144stwa, oprogramowania system\u00f3w bezpiecze\u0144stwa, atak\u00f3w hakerskich itp., U\u017cytkownik nie b\u0119dzie mia\u0142 \u017cadnych roszcze\u0144 do FOP SHAPATAEV IGOR KOSTIANTYNOVYCHA.<\/p>\r\n<p>Warto zauwa\u017cy\u0107, \u017ce FOP SHAPATAEV IGOR KOSTIANTYNOVYCH nie ujawnia Twoich danych osobowych osobom trzecim, z wyj\u0105tkiem przypadk\u00f3w, gdy istnieje konieczno\u015b\u0107 przekazania danych o Tobie organom pa\u0144stwowym w przypadku uzasadnionej i zgodnej z prawem pro\u015bby odpowiedniego organu pa\u0144stwowego w ramach obowi\u0105zuj\u0105cego prawa Ukrainy.<\/p>\r\n<p>FOP SHAPATAEV IGOR KOSTIANTYNOVYCH zastrzega sobie prawo do przekazywania informacji o Tobie do s\u0105du w przypadku uzasadnionego i zgodnego z prawem \u017c\u0105dania s\u0105du dotycz\u0105cego takich informacji.<\/p>\r\n<h2><strong>7. Zgoda u\u017cytkownika<\/strong><\/h2>\r\n<p>Rozpoczynaj\u0105c korzystanie z Serwisu, u\u017cytkownik automatycznie zgadza si\u0119 na warunki niniejszej Polityki prywatno\u015bci oraz potwierdza zrozumienie jego praw, cel\u00f3w, metod i warunk\u00f3w przetwarzania jego danych.<\/p>\r\n<p>Rozpoczynaj\u0105c korzystanie z Serwisu, u\u017cytkownik udziela swojej bezwarunkowej zgody na to, \u017ce FOP SHAPATAEV IGOR KOSTIANTYNOVYCH mo\u017ce otrzymywa\u0107 od danego u\u017cytkownika jego dane osobowe i przetwarza\u0107 je zgodnie z okre\u015blonymi warunkami niniejszej Polityki prywatno\u015bci.<\/p>\r\n<h2><strong>8. Opinie<\/strong><\/h2>\r\n<p>FOP SHAPATAEV IGOR KOSTIANTYNOVYCH mo\u017ce u\u017cywa\u0107 Twoich danych osobowych, takich jak imi\u0119, rodzaj dzia\u0142alno\u015bci, firma, w kt\u00f3rej pracujesz, zdj\u0119cie, na kt\u00f3rym jeste\u015b widoczny, wideo, na kt\u00f3rym jeste\u015b nagrany itp., aby publikowa\u0107 opinie klient\u00f3w na temat naszych us\u0142ug. Tworz\u0105c konto na naszej stronie internetowej i przekazuj\u0105c nam tak\u0105 opini\u0119, zgadzasz si\u0119 na takie wykorzystanie swoich danych osobowych. W tym przypadku przetwarzanie danych opiera si\u0119 na Twojej zgodzie.<\/p>\r\n<p>B\u0119dziemy wy\u015bwietla\u0107 opini\u0119 tak d\u0142ugo, jak b\u0119dzie to konieczne do cel\u00f3w reklamowych i marketingowych. Mo\u017cesz jednak skontaktowa\u0107 si\u0119 z nami w dowolnym momencie pod adresem: <a href=\"mailto:info@finok-wp.k-3soft.com\" target=\"_new\" rel=\"noopener\">info@finok-wp.k-3soft.com<\/a>, aby wycofa\u0107 swoj\u0105 zgod\u0119 na wykorzystanie Twojej opinii. Firma usunie Twoj\u0105 opini\u0119 tak szybko, jak to mo\u017cliwe po otrzymaniu Twojego \u017c\u0105dania.<\/p>\r\n<h2><strong>9. Zmiana polityki prywatno\u015bci<\/strong><\/h2>\r\n<p>U\u017cytkownik akceptuje warunki niniejszej polityki prywatno\u015bci i zauwa\u017ca, \u017ce ta polityka prywatno\u015bci mo\u017ce ulega\u0107 zmianom w czasie. Zmiany wprowadzone do polityki prywatno\u015bci zostan\u0105 opublikowane na tej stronie.<\/p>\r\n<p>Je\u015bli chodzi o kwestie dotycz\u0105ce polityki prywatno\u015bci (w tym usuwanie danych osobowych), U\u017cytkownik mo\u017ce skontaktowa\u0107 si\u0119 z nami za pomoc\u0105 adresu e-mail: <a href=\"mailto:info@finok-wp.k-3soft.com\" target=\"_new\" rel=\"noopener\">info@finok-wp.k-3soft.com<\/a>.<\/p>\r\n","protected":false},"excerpt":{"rendered":"<p>1. Og\u00f3lne postanowienia Przedsi\u0119biorca indywidualny SHAPATAIEV IHOR KOSTIANTYNOVYCH z pe\u0142nym szacunkiem podchodzi do poufnej (osobistej) informacji wszystkich os\u00f3b, kt\u00f3re odwiedzi\u0142y stron\u0119 internetow\u0105, a tak\u017ce tych, kt\u00f3rzy korzystaj\u0105 z us\u0142ug udost\u0119pnianych na stronie; w zwi\u0105zku z tym Przedsi\u0119biorca indywidualny Igor Kostiantynowicz Szapatajew stara si\u0119 chroni\u0107 poufno\u015b\u0107 danych osobowych (informacji lub zestawu informacji o osobie fizycznej, kt\u00f3ra<a class=\"excerpt-read-more\" href=\"https:\/\/finok-wp.k-3soft.com\/pl\/polityka-prywatnosci\/\" title=\"ReadPolityka prywatno\u015bci\">&#8230; Read more &raquo;<\/a><\/p>\n","protected":false},"author":1,"featured_media":0,"parent":0,"menu_order":0,"comment_status":"closed","ping_status":"open","template":"templates\/defaultPage.php","meta":{"footnotes":""},"class_list":["post-4982","page","type-page","status-publish","hentry"],"acf":[],"yoast_head":"<!-- This site is optimized with the Yoast SEO plugin v20.5 - https:\/\/yoast.com\/wordpress\/plugins\/seo\/ -->\n<title>Polityka prywatno\u015bci - FinOK<\/title>\n<meta name=\"robots\" content=\"index, follow, max-snippet:-1, max-image-preview:large, max-video-preview:-1\" \/>\n<link rel=\"canonical\" href=\"https:\/\/finok-wp.k-3soft.com\/pl\/polityka-prywatnosci\/\" \/>\n<meta property=\"og:locale\" content=\"pl_PL\" \/>\n<meta property=\"og:type\" content=\"article\" \/>\n<meta property=\"og:title\" content=\"Polityka prywatno\u015bci - FinOK\" \/>\n<meta property=\"og:description\" content=\"1. Og\u00f3lne postanowienia Przedsi\u0119biorca indywidualny SHAPATAIEV IHOR KOSTIANTYNOVYCH z pe\u0142nym szacunkiem podchodzi do poufnej (osobistej) informacji wszystkich os\u00f3b, kt\u00f3re odwiedzi\u0142y stron\u0119 internetow\u0105, a tak\u017ce tych, kt\u00f3rzy korzystaj\u0105 z us\u0142ug udost\u0119pnianych na stronie; w zwi\u0105zku z tym Przedsi\u0119biorca indywidualny Igor Kostiantynowicz Szapatajew stara si\u0119 chroni\u0107 poufno\u015b\u0107 danych osobowych (informacji lub zestawu informacji o osobie fizycznej, kt\u00f3ra... Read more &raquo;\" \/>\n<meta property=\"og:url\" content=\"https:\/\/finok-wp.k-3soft.com\/pl\/polityka-prywatnosci\/\" \/>\n<meta property=\"og:site_name\" content=\"FinOK\" \/>\n<meta property=\"article:publisher\" content=\"https:\/\/www.facebook.com\/FinOkonline\" \/>\n<meta property=\"article:modified_time\" content=\"2023-05-15T09:31:41+00:00\" \/>\n<meta property=\"og:image\" content=\"https:\/\/finok-wp.k-3soft.com\/wp-content\/uploads\/2023\/04\/logo-1.png\" \/>\n\t<meta property=\"og:image:width\" content=\"1853\" \/>\n\t<meta property=\"og:image:height\" content=\"804\" \/>\n\t<meta property=\"og:image:type\" content=\"image\/png\" \/>\n<meta name=\"twitter:card\" content=\"summary_large_image\" \/>\n<meta name=\"twitter:label1\" content=\"Szacowany czas czytania\" \/>\n\t<meta name=\"twitter:data1\" content=\"7 minut\" \/>\n<script type=\"application\/ld+json\" class=\"yoast-schema-graph\">{\"@context\":\"https:\/\/schema.org\",\"@graph\":[{\"@type\":\"WebPage\",\"@id\":\"https:\/\/finok-wp.k-3soft.com\/pl\/polityka-prywatnosci\/\",\"url\":\"https:\/\/finok-wp.k-3soft.com\/pl\/polityka-prywatnosci\/\",\"name\":\"Polityka prywatno\u015bci - FinOK\",\"isPartOf\":{\"@id\":\"https:\/\/finok-wp.k-3soft.com\/pl\/#website\"},\"datePublished\":\"2023-04-24T06:37:04+00:00\",\"dateModified\":\"2023-05-15T09:31:41+00:00\",\"breadcrumb\":{\"@id\":\"https:\/\/finok-wp.k-3soft.com\/pl\/polityka-prywatnosci\/#breadcrumb\"},\"inLanguage\":\"pl-PL\",\"potentialAction\":[{\"@type\":\"ReadAction\",\"target\":[\"https:\/\/finok-wp.k-3soft.com\/pl\/polityka-prywatnosci\/\"]}]},{\"@type\":\"BreadcrumbList\",\"@id\":\"https:\/\/finok-wp.k-3soft.com\/pl\/polityka-prywatnosci\/#breadcrumb\",\"itemListElement\":[{\"@type\":\"ListItem\",\"position\":1,\"name\":\"\u0413\u043e\u043b\u043e\u0432\u043d\u0430\",\"item\":\"https:\/\/finok-wp.k-3soft.com\/pl\/\"},{\"@type\":\"ListItem\",\"position\":2,\"name\":\"Polityka prywatno\u015bci\"}]},{\"@type\":\"WebSite\",\"@id\":\"https:\/\/finok-wp.k-3soft.com\/pl\/#website\",\"url\":\"https:\/\/finok-wp.k-3soft.com\/pl\/\",\"name\":\"FinOK\",\"description\":\"\u041e\u043d\u043b\u0430\u0439\u043d \u0441\u0435\u0440\u0432\u0456\u0441 \u0435\u0444\u0435\u043a\u0442\u0438\u0432\u043d\u043e\u0433\u043e \u0444\u0456\u043d\u0430\u043d\u0441\u043e\u0432\u043e\u0433\u043e \u0442\u0430 \u043a\u0430\u0434\u0440\u043e\u0432\u043e\u0433\u043e \u043a\u043e\u043d\u0442\u0440\u043e\u043b\u044e \u0434\u043b\u044f \u043c\u0430\u043b\u043e\u0433\u043e \u0456 \u0441\u0435\u0440\u0435\u0434\u043d\u044c\u043e\u0433\u043e \u0431\u0456\u0437\u043d\u0435\u0441\u0443\",\"publisher\":{\"@id\":\"https:\/\/finok-wp.k-3soft.com\/pl\/#organization\"},\"alternateName\":\"FinOK Pro - \u041e\u043d\u043b\u0430\u0439\u043d \u0441\u0435\u0440\u0432\u0456\u0441 \u0435\u0444\u0435\u043a\u0442\u0438\u0432\u043d\u043e\u0433\u043e \u0444\u0456\u043d\u0430\u043d\u0441\u043e\u0432\u043e\u0433\u043e \u0442\u0430 \u043a\u0430\u0434\u0440\u043e\u0432\u043e\u0433\u043e \u043a\u043e\u043d\u0442\u0440\u043e\u043b\u044e \u0434\u043b\u044f \u043c\u0430\u043b\u043e\u0433\u043e \u0456 \u0441\u0435\u0440\u0435\u0434\u043d\u044c\u043e\u0433\u043e \u0431\u0456\u0437\u043d\u0435\u0441\u0443 \u0442\u0430 \u0456\u043d\u0434\u0438\u0432\u0456\u0434\u0443\u0430\u043b\u044c\u043d\u0438\u0445 \u043f\u0456\u0434\u043f\u0440\u0438\u0454\u043c\u0446\u0456\u0432\",\"potentialAction\":[{\"@type\":\"SearchAction\",\"target\":{\"@type\":\"EntryPoint\",\"urlTemplate\":\"https:\/\/finok-wp.k-3soft.com\/pl\/?s={search_term_string}\"},\"query-input\":\"required name=search_term_string\"}],\"inLanguage\":\"pl-PL\"},{\"@type\":\"Organization\",\"@id\":\"https:\/\/finok-wp.k-3soft.com\/pl\/#organization\",\"name\":\"FinOK\",\"alternateName\":\"FinOK - \u041e\u043d\u043b\u0430\u0439\u043d \u0441\u0435\u0440\u0432\u0456\u0441 \u0435\u0444\u0435\u043a\u0442\u0438\u0432\u043d\u043e\u0433\u043e \u0444\u0456\u043d\u0430\u043d\u0441\u043e\u0432\u043e\u0433\u043e \u0442\u0430 \u043a\u0430\u0434\u0440\u043e\u0432\u043e\u0433\u043e \u043a\u043e\u043d\u0442\u0440\u043e\u043b\u044e \u0434\u043b\u044f \u043c\u0430\u043b\u043e\u0433\u043e \u0456 \u0441\u0435\u0440\u0435\u0434\u043d\u044c\u043e\u0433\u043e \u0431\u0456\u0437\u043d\u0435\u0441\u0443 \u0442\u0430 \u0456\u043d\u0434\u0438\u0432\u0456\u0434\u0443\u0430\u043b\u044c\u043d\u0438\u0445 \u043f\u0456\u0434\u043f\u0440\u0438\u0454\u043c\u0446\u0456\u0432\",\"url\":\"https:\/\/finok-wp.k-3soft.com\/pl\/\",\"logo\":{\"@type\":\"ImageObject\",\"inLanguage\":\"pl-PL\",\"@id\":\"https:\/\/finok-wp.k-3soft.com\/pl\/#\/schema\/logo\/image\/\",\"url\":\"https:\/\/finok-wp.k-3soft.com\/wp-content\/uploads\/2023\/04\/logo-1.png\",\"contentUrl\":\"https:\/\/finok-wp.k-3soft.com\/wp-content\/uploads\/2023\/04\/logo-1.png\",\"width\":1853,\"height\":804,\"caption\":\"FinOK\"},\"image\":{\"@id\":\"https:\/\/finok-wp.k-3soft.com\/pl\/#\/schema\/logo\/image\/\"},\"sameAs\":[\"https:\/\/www.facebook.com\/FinOkonline\",\"https:\/\/www.instagram.com\/finok_2023\/\",\"https:\/\/www.linkedin.com\/company\/finokua\/\"]}]}<\/script>\n<!-- \/ Yoast SEO plugin. -->","yoast_head_json":{"title":"Polityka prywatno\u015bci - FinOK","robots":{"index":"index","follow":"follow","max-snippet":"max-snippet:-1","max-image-preview":"max-image-preview:large","max-video-preview":"max-video-preview:-1"},"canonical":"https:\/\/finok-wp.k-3soft.com\/pl\/polityka-prywatnosci\/","og_locale":"pl_PL","og_type":"article","og_title":"Polityka prywatno\u015bci - FinOK","og_description":"1. Og\u00f3lne postanowienia Przedsi\u0119biorca indywidualny SHAPATAIEV IHOR KOSTIANTYNOVYCH z pe\u0142nym szacunkiem podchodzi do poufnej (osobistej) informacji wszystkich os\u00f3b, kt\u00f3re odwiedzi\u0142y stron\u0119 internetow\u0105, a tak\u017ce tych, kt\u00f3rzy korzystaj\u0105 z us\u0142ug udost\u0119pnianych na stronie; w zwi\u0105zku z tym Przedsi\u0119biorca indywidualny Igor Kostiantynowicz Szapatajew stara si\u0119 chroni\u0107 poufno\u015b\u0107 danych osobowych (informacji lub zestawu informacji o osobie fizycznej, kt\u00f3ra... Read more &raquo;","og_url":"https:\/\/finok-wp.k-3soft.com\/pl\/polityka-prywatnosci\/","og_site_name":"FinOK","article_publisher":"https:\/\/www.facebook.com\/FinOkonline","article_modified_time":"2023-05-15T09:31:41+00:00","og_image":[{"width":1853,"height":804,"url":"https:\/\/finok-wp.k-3soft.com\/wp-content\/uploads\/2023\/04\/logo-1.png","type":"image\/png"}],"twitter_card":"summary_large_image","twitter_misc":{"Szacowany czas czytania":"7 minut"},"schema":{"@context":"https:\/\/schema.org","@graph":[{"@type":"WebPage","@id":"https:\/\/finok-wp.k-3soft.com\/pl\/polityka-prywatnosci\/","url":"https:\/\/finok-wp.k-3soft.com\/pl\/polityka-prywatnosci\/","name":"Polityka prywatno\u015bci - FinOK","isPartOf":{"@id":"https:\/\/finok-wp.k-3soft.com\/pl\/#website"},"datePublished":"2023-04-24T06:37:04+00:00","dateModified":"2023-05-15T09:31:41+00:00","breadcrumb":{"@id":"https:\/\/finok-wp.k-3soft.com\/pl\/polityka-prywatnosci\/#breadcrumb"},"inLanguage":"pl-PL","potentialAction":[{"@type":"ReadAction","target":["https:\/\/finok-wp.k-3soft.com\/pl\/polityka-prywatnosci\/"]}]},{"@type":"BreadcrumbList","@id":"https:\/\/finok-wp.k-3soft.com\/pl\/polityka-prywatnosci\/#breadcrumb","itemListElement":[{"@type":"ListItem","position":1,"name":"\u0413\u043e\u043b\u043e\u0432\u043d\u0430","item":"https:\/\/finok-wp.k-3soft.com\/pl\/"},{"@type":"ListItem","position":2,"name":"Polityka prywatno\u015bci"}]},{"@type":"WebSite","@id":"https:\/\/finok-wp.k-3soft.com\/pl\/#website","url":"https:\/\/finok-wp.k-3soft.com\/pl\/","name":"FinOK","description":"\u041e\u043d\u043b\u0430\u0439\u043d \u0441\u0435\u0440\u0432\u0456\u0441 \u0435\u0444\u0435\u043a\u0442\u0438\u0432\u043d\u043e\u0433\u043e \u0444\u0456\u043d\u0430\u043d\u0441\u043e\u0432\u043e\u0433\u043e \u0442\u0430 \u043a\u0430\u0434\u0440\u043e\u0432\u043e\u0433\u043e \u043a\u043e\u043d\u0442\u0440\u043e\u043b\u044e \u0434\u043b\u044f \u043c\u0430\u043b\u043e\u0433\u043e \u0456 \u0441\u0435\u0440\u0435\u0434\u043d\u044c\u043e\u0433\u043e \u0431\u0456\u0437\u043d\u0435\u0441\u0443","publisher":{"@id":"https:\/\/finok-wp.k-3soft.com\/pl\/#organization"},"alternateName":"FinOK Pro - \u041e\u043d\u043b\u0430\u0439\u043d \u0441\u0435\u0440\u0432\u0456\u0441 \u0435\u0444\u0435\u043a\u0442\u0438\u0432\u043d\u043e\u0433\u043e \u0444\u0456\u043d\u0430\u043d\u0441\u043e\u0432\u043e\u0433\u043e \u0442\u0430 \u043a\u0430\u0434\u0440\u043e\u0432\u043e\u0433\u043e \u043a\u043e\u043d\u0442\u0440\u043e\u043b\u044e \u0434\u043b\u044f \u043c\u0430\u043b\u043e\u0433\u043e \u0456 \u0441\u0435\u0440\u0435\u0434\u043d\u044c\u043e\u0433\u043e \u0431\u0456\u0437\u043d\u0435\u0441\u0443 \u0442\u0430 \u0456\u043d\u0434\u0438\u0432\u0456\u0434\u0443\u0430\u043b\u044c\u043d\u0438\u0445 \u043f\u0456\u0434\u043f\u0440\u0438\u0454\u043c\u0446\u0456\u0432","potentialAction":[{"@type":"SearchAction","target":{"@type":"EntryPoint","urlTemplate":"https:\/\/finok-wp.k-3soft.com\/pl\/?s={search_term_string}"},"query-input":"required name=search_term_string"}],"inLanguage":"pl-PL"},{"@type":"Organization","@id":"https:\/\/finok-wp.k-3soft.com\/pl\/#organization","name":"FinOK","alternateName":"FinOK - \u041e\u043d\u043b\u0430\u0439\u043d \u0441\u0435\u0440\u0432\u0456\u0441 \u0435\u0444\u0435\u043a\u0442\u0438\u0432\u043d\u043e\u0433\u043e \u0444\u0456\u043d\u0430\u043d\u0441\u043e\u0432\u043e\u0433\u043e \u0442\u0430 \u043a\u0430\u0434\u0440\u043e\u0432\u043e\u0433\u043e \u043a\u043e\u043d\u0442\u0440\u043e\u043b\u044e \u0434\u043b\u044f \u043c\u0430\u043b\u043e\u0433\u043e \u0456 \u0441\u0435\u0440\u0435\u0434\u043d\u044c\u043e\u0433\u043e \u0431\u0456\u0437\u043d\u0435\u0441\u0443 \u0442\u0430 \u0456\u043d\u0434\u0438\u0432\u0456\u0434\u0443\u0430\u043b\u044c\u043d\u0438\u0445 \u043f\u0456\u0434\u043f\u0440\u0438\u0454\u043c\u0446\u0456\u0432","url":"https:\/\/finok-wp.k-3soft.com\/pl\/","logo":{"@type":"ImageObject","inLanguage":"pl-PL","@id":"https:\/\/finok-wp.k-3soft.com\/pl\/#\/schema\/logo\/image\/","url":"https:\/\/finok-wp.k-3soft.com\/wp-content\/uploads\/2023\/04\/logo-1.png","contentUrl":"https:\/\/finok-wp.k-3soft.com\/wp-content\/uploads\/2023\/04\/logo-1.png","width":1853,"height":804,"caption":"FinOK"},"image":{"@id":"https:\/\/finok-wp.k-3soft.com\/pl\/#\/schema\/logo\/image\/"},"sameAs":["https:\/\/www.facebook.com\/FinOkonline","https:\/\/www.instagram.com\/finok_2023\/","https:\/\/www.linkedin.com\/company\/finokua\/"]}]}},"_links":{"self":[{"href":"https:\/\/finok-wp.k-3soft.com\/pl\/wp-json\/wp\/v2\/pages\/4982","targetHints":{"allow":["GET"]}}],"collection":[{"href":"https:\/\/finok-wp.k-3soft.com\/pl\/wp-json\/wp\/v2\/pages"}],"about":[{"href":"https:\/\/finok-wp.k-3soft.com\/pl\/wp-json\/wp\/v2\/types\/page"}],"author":[{"embeddable":true,"href":"https:\/\/finok-wp.k-3soft.com\/pl\/wp-json\/wp\/v2\/users\/1"}],"replies":[{"embeddable":true,"href":"https:\/\/finok-wp.k-3soft.com\/pl\/wp-json\/wp\/v2\/comments?post=4982"}],"version-history":[{"count":3,"href":"https:\/\/finok-wp.k-3soft.com\/pl\/wp-json\/wp\/v2\/pages\/4982\/revisions"}],"predecessor-version":[{"id":5033,"href":"https:\/\/finok-wp.k-3soft.com\/pl\/wp-json\/wp\/v2\/pages\/4982\/revisions\/5033"}],"wp:attachment":[{"href":"https:\/\/finok-wp.k-3soft.com\/pl\/wp-json\/wp\/v2\/media?parent=4982"}],"curies":[{"name":"wp","href":"https:\/\/api.w.org\/{rel}","templated":true}]}}